{"id":681,"date":"2022-12-01T17:38:33","date_gmt":"2022-12-01T16:38:33","guid":{"rendered":"http:\/\/juliencucherousset.fr\/?page_id=681"},"modified":"2025-12-03T21:27:07","modified_gmt":"2025-12-03T20:27:07","slug":"solake","status":"publish","type":"page","link":"https:\/\/juliencucherousset.fr\/index.php\/solake\/","title":{"rendered":"FPV IMPACTS ON FRESHWATER BIODIVERSITY"},"content":{"rendered":"\n<figure class=\"wp-block-embed is-type-video is-provider-youtube wp-block-embed-youtube wp-embed-aspect-16-9 wp-has-aspect-ratio\"><div class=\"wp-block-embed__wrapper\">\n<iframe loading=\"lazy\" title=\"Photovolta\u00efque : quel impact sur nos lacs ?\" width=\"640\" height=\"360\" src=\"https:\/\/www.youtube.com\/embed\/XH3QHJOaKYk?feature=oembed\" frameborder=\"0\" allow=\"accelerometer; autoplay; clipboard-write; encrypted-media; gyroscope; picture-in-picture; web-share\" referrerpolicy=\"strict-origin-when-cross-origin\" allowfullscreen><\/iframe>\n<\/div><\/figure>\n\n\n\n<p>Since 2020, we are studying the ecological effects of floating solar on freshwater diversity and the functioning of lake ecosystems. We aim to develop a long-term and integrative quantification of these impacts by working across multiple levels of biological organisation and on multiple biological taxa and functional processes.<\/p>\n\n\n\n<p class=\"has-text-align-center\"><strong>FUNDINGS<\/strong><\/p>\n\n\n\n<p>Our work is part of the SOLAKE (2020-2025), ECLIPSE (2022-2025) and FLOATIX (2024-2028) projects that are funding by the OFB, ADEME and European Commission (Marie Curie fellowship)<\/p>\n\n\n<div class=\"wp-block-image\">\n<figure class=\"alignleft size-full is-resized\"><img loading=\"lazy\" decoding=\"async\" width=\"841\" height=\"200\" src=\"http:\/\/juliencucherousset.fr\/wp-content\/uploads\/2025\/02\/Screenshot-2025-02-14-at-11.46.22.png\" alt=\"\" class=\"wp-image-881\" style=\"width:853px;height:auto\" srcset=\"https:\/\/juliencucherousset.fr\/wp-content\/uploads\/2025\/02\/Screenshot-2025-02-14-at-11.46.22.png 841w, https:\/\/juliencucherousset.fr\/wp-content\/uploads\/2025\/02\/Screenshot-2025-02-14-at-11.46.22-300x71.png 300w, https:\/\/juliencucherousset.fr\/wp-content\/uploads\/2025\/02\/Screenshot-2025-02-14-at-11.46.22-768x183.png 768w, https:\/\/juliencucherousset.fr\/wp-content\/uploads\/2025\/02\/Screenshot-2025-02-14-at-11.46.22-604x144.png 604w\" sizes=\"auto, (max-width: 841px) 100vw, 841px\" \/><\/figure><\/div>\n\n\n<p><\/p>\n\n\n\n<p class=\"has-text-align-center\"><strong>MAIN OBJECTIVES<\/strong><\/p>\n\n\n\n<p><\/p>\n\n\n\n<div class=\"wp-block-media-text alignwide\" style=\"grid-template-columns:44% auto\"><figure class=\"wp-block-media-text__media\"><a href=\"http:\/\/juliencucherousset.fr\/wp-content\/uploads\/2025\/02\/Gill-netting.jpg\"><img loading=\"lazy\" decoding=\"async\" width=\"1024\" height=\"596\" src=\"http:\/\/juliencucherousset.fr\/wp-content\/uploads\/2025\/02\/Gill-netting-1024x596.jpg\" alt=\"\" class=\"wp-image-837 size-full\" srcset=\"https:\/\/juliencucherousset.fr\/wp-content\/uploads\/2025\/02\/Gill-netting-1024x596.jpg 1024w, https:\/\/juliencucherousset.fr\/wp-content\/uploads\/2025\/02\/Gill-netting-300x175.jpg 300w, https:\/\/juliencucherousset.fr\/wp-content\/uploads\/2025\/02\/Gill-netting-768x447.jpg 768w, https:\/\/juliencucherousset.fr\/wp-content\/uploads\/2025\/02\/Gill-netting-1536x894.jpg 1536w, https:\/\/juliencucherousset.fr\/wp-content\/uploads\/2025\/02\/Gill-netting-464x270.jpg 464w, https:\/\/juliencucherousset.fr\/wp-content\/uploads\/2025\/02\/Gill-netting.jpg 1590w\" sizes=\"auto, (max-width: 1024px) 100vw, 1024px\" \/><\/a><\/figure><div class=\"wp-block-media-text__content\">\n<p><strong>Objective 1) Determine the ecological effects in lake ecosystems <\/strong><\/p>\n\n\n\n<p>Here, we use a before-after control-impact in several gravel pit lakes to measure the ecological effects of FPV. Lakes are equipped with automating sensors and seasonal sampling is performed.<\/p>\n<\/div><\/div>\n\n\n\n<div class=\"wp-block-media-text alignwide has-media-on-the-right\" style=\"grid-template-columns:auto 32%\"><div class=\"wp-block-media-text__content\">\n<p><strong>Objective 2) Assess experimentally the effects of different coverage by FPV?<\/strong><\/p>\n\n\n\n<p>Here, we are performing two long-term experimentations in Moulis (Aquatic Metatron, CNRS) and Rennes (PEARL, INRAE) to assess the ecological effects of different coverages (%) of floating solar.<\/p>\n<\/div><figure class=\"wp-block-media-text__media\"><a href=\"http:\/\/juliencucherousset.fr\/wp-content\/uploads\/2025\/02\/20230526_131459-scaled.jpg\"><img loading=\"lazy\" decoding=\"async\" width=\"768\" height=\"1024\" src=\"http:\/\/juliencucherousset.fr\/wp-content\/uploads\/2025\/02\/20230526_131459-768x1024.jpg\" alt=\"\" class=\"wp-image-849 size-full\" srcset=\"https:\/\/juliencucherousset.fr\/wp-content\/uploads\/2025\/02\/20230526_131459-768x1024.jpg 768w, https:\/\/juliencucherousset.fr\/wp-content\/uploads\/2025\/02\/20230526_131459-225x300.jpg 225w, https:\/\/juliencucherousset.fr\/wp-content\/uploads\/2025\/02\/20230526_131459-1152x1536.jpg 1152w, https:\/\/juliencucherousset.fr\/wp-content\/uploads\/2025\/02\/20230526_131459-1536x2048.jpg 1536w, https:\/\/juliencucherousset.fr\/wp-content\/uploads\/2025\/02\/20230526_131459-203x270.jpg 203w, https:\/\/juliencucherousset.fr\/wp-content\/uploads\/2025\/02\/20230526_131459-scaled.jpg 1920w\" sizes=\"auto, (max-width: 768px) 100vw, 768px\" \/><\/a><\/figure><\/div>\n\n\n\n<p><\/p>\n\n\n\n<figure class=\"wp-block-gallery has-nested-images columns-default is-cropped wp-block-gallery-1 is-layout-flex wp-block-gallery-is-layout-flex\">\n<figure class=\"wp-block-image size-large\"><img loading=\"lazy\" decoding=\"async\" width=\"768\" height=\"1024\" data-id=\"852\" src=\"https:\/\/juliencucherousset.fr\/wp-content\/uploads\/2025\/02\/20231212_091805-768x1024.jpg\" alt=\"\" class=\"wp-image-852\" srcset=\"https:\/\/juliencucherousset.fr\/wp-content\/uploads\/2025\/02\/20231212_091805-768x1024.jpg 768w, https:\/\/juliencucherousset.fr\/wp-content\/uploads\/2025\/02\/20231212_091805-225x300.jpg 225w, https:\/\/juliencucherousset.fr\/wp-content\/uploads\/2025\/02\/20231212_091805-1152x1536.jpg 1152w, https:\/\/juliencucherousset.fr\/wp-content\/uploads\/2025\/02\/20231212_091805-1536x2048.jpg 1536w, https:\/\/juliencucherousset.fr\/wp-content\/uploads\/2025\/02\/20231212_091805-203x270.jpg 203w, https:\/\/juliencucherousset.fr\/wp-content\/uploads\/2025\/02\/20231212_091805-scaled.jpg 1920w\" sizes=\"auto, (max-width: 768px) 100vw, 768px\" \/><figcaption class=\"wp-element-caption\">FPV developed by URBASOLAR<\/figcaption><\/figure>\n\n\n\n<figure class=\"wp-block-image size-large\"><img loading=\"lazy\" decoding=\"async\" width=\"1024\" height=\"768\" data-id=\"851\" src=\"https:\/\/juliencucherousset.fr\/wp-content\/uploads\/2025\/02\/20230529_001632-1024x768.jpg\" alt=\"\" class=\"wp-image-851\" srcset=\"https:\/\/juliencucherousset.fr\/wp-content\/uploads\/2025\/02\/20230529_001632-1024x768.jpg 1024w, https:\/\/juliencucherousset.fr\/wp-content\/uploads\/2025\/02\/20230529_001632-300x225.jpg 300w, https:\/\/juliencucherousset.fr\/wp-content\/uploads\/2025\/02\/20230529_001632-768x576.jpg 768w, https:\/\/juliencucherousset.fr\/wp-content\/uploads\/2025\/02\/20230529_001632-1536x1152.jpg 1536w, https:\/\/juliencucherousset.fr\/wp-content\/uploads\/2025\/02\/20230529_001632-2048x1536.jpg 2048w, https:\/\/juliencucherousset.fr\/wp-content\/uploads\/2025\/02\/20230529_001632-360x270.jpg 360w\" sizes=\"auto, (max-width: 1024px) 100vw, 1024px\" \/><figcaption class=\"wp-element-caption\">FPV developed by URBASOLAR<\/figcaption><\/figure>\n\n\n\n<figure class=\"wp-block-image size-large\"><img loading=\"lazy\" decoding=\"async\" width=\"1024\" height=\"768\" data-id=\"848\" src=\"https:\/\/juliencucherousset.fr\/wp-content\/uploads\/2025\/02\/20220921_123310-1024x768.jpg\" alt=\"\" class=\"wp-image-848\" srcset=\"https:\/\/juliencucherousset.fr\/wp-content\/uploads\/2025\/02\/20220921_123310-1024x768.jpg 1024w, https:\/\/juliencucherousset.fr\/wp-content\/uploads\/2025\/02\/20220921_123310-300x225.jpg 300w, https:\/\/juliencucherousset.fr\/wp-content\/uploads\/2025\/02\/20220921_123310-768x576.jpg 768w, https:\/\/juliencucherousset.fr\/wp-content\/uploads\/2025\/02\/20220921_123310-1536x1152.jpg 1536w, https:\/\/juliencucherousset.fr\/wp-content\/uploads\/2025\/02\/20220921_123310-2048x1536.jpg 2048w, https:\/\/juliencucherousset.fr\/wp-content\/uploads\/2025\/02\/20220921_123310-360x270.jpg 360w\" sizes=\"auto, (max-width: 1024px) 100vw, 1024px\" \/><figcaption class=\"wp-element-caption\">FPV developed by URBASOLAR<\/figcaption><\/figure>\n\n\n\n<figure class=\"wp-block-image size-large\"><img loading=\"lazy\" decoding=\"async\" width=\"1024\" height=\"768\" data-id=\"847\" src=\"https:\/\/juliencucherousset.fr\/wp-content\/uploads\/2025\/02\/20220601_110828-1024x768.jpg\" alt=\"\" class=\"wp-image-847\" srcset=\"https:\/\/juliencucherousset.fr\/wp-content\/uploads\/2025\/02\/20220601_110828-1024x768.jpg 1024w, https:\/\/juliencucherousset.fr\/wp-content\/uploads\/2025\/02\/20220601_110828-300x225.jpg 300w, https:\/\/juliencucherousset.fr\/wp-content\/uploads\/2025\/02\/20220601_110828-768x576.jpg 768w, https:\/\/juliencucherousset.fr\/wp-content\/uploads\/2025\/02\/20220601_110828-1536x1152.jpg 1536w, https:\/\/juliencucherousset.fr\/wp-content\/uploads\/2025\/02\/20220601_110828-2048x1536.jpg 2048w, https:\/\/juliencucherousset.fr\/wp-content\/uploads\/2025\/02\/20220601_110828-360x270.jpg 360w\" sizes=\"auto, (max-width: 1024px) 100vw, 1024px\" \/><figcaption class=\"wp-element-caption\">FPV developed by URBASOLAR<\/figcaption><\/figure>\n\n\n\n<figure class=\"wp-block-image size-large\"><img loading=\"lazy\" decoding=\"async\" width=\"1024\" height=\"510\" data-id=\"846\" src=\"https:\/\/juliencucherousset.fr\/wp-content\/uploads\/2025\/02\/Picture-1-1024x510.jpg\" alt=\"\" class=\"wp-image-846\" srcset=\"https:\/\/juliencucherousset.fr\/wp-content\/uploads\/2025\/02\/Picture-1-1024x510.jpg 1024w, https:\/\/juliencucherousset.fr\/wp-content\/uploads\/2025\/02\/Picture-1-300x149.jpg 300w, https:\/\/juliencucherousset.fr\/wp-content\/uploads\/2025\/02\/Picture-1-768x382.jpg 768w, https:\/\/juliencucherousset.fr\/wp-content\/uploads\/2025\/02\/Picture-1-1536x764.jpg 1536w, https:\/\/juliencucherousset.fr\/wp-content\/uploads\/2025\/02\/Picture-1-543x270.jpg 543w, https:\/\/juliencucherousset.fr\/wp-content\/uploads\/2025\/02\/Picture-1.jpg 1897w\" sizes=\"auto, (max-width: 1024px) 100vw, 1024px\" \/><figcaption class=\"wp-element-caption\">FPV developed by URBASOLAR<\/figcaption><\/figure>\n\n\n\n<figure class=\"wp-block-image size-large\"><img loading=\"lazy\" decoding=\"async\" width=\"1024\" height=\"510\" data-id=\"845\" src=\"https:\/\/juliencucherousset.fr\/wp-content\/uploads\/2025\/02\/CVT-1024x510.jpg\" alt=\"\" class=\"wp-image-845\" srcset=\"https:\/\/juliencucherousset.fr\/wp-content\/uploads\/2025\/02\/CVT-1024x510.jpg 1024w, https:\/\/juliencucherousset.fr\/wp-content\/uploads\/2025\/02\/CVT-300x149.jpg 300w, https:\/\/juliencucherousset.fr\/wp-content\/uploads\/2025\/02\/CVT-768x382.jpg 768w, https:\/\/juliencucherousset.fr\/wp-content\/uploads\/2025\/02\/CVT-1536x764.jpg 1536w, https:\/\/juliencucherousset.fr\/wp-content\/uploads\/2025\/02\/CVT-543x270.jpg 543w, https:\/\/juliencucherousset.fr\/wp-content\/uploads\/2025\/02\/CVT.jpg 1897w\" sizes=\"auto, (max-width: 1024px) 100vw, 1024px\" \/><figcaption class=\"wp-element-caption\">FPV developed by AKUO<\/figcaption><\/figure>\n\n\n\n<figure class=\"wp-block-image size-large\"><img loading=\"lazy\" decoding=\"async\" width=\"1024\" height=\"676\" data-id=\"836\" src=\"https:\/\/juliencucherousset.fr\/wp-content\/uploads\/2025\/02\/Moulis-1024x676.jpg\" alt=\"\" class=\"wp-image-836\" srcset=\"https:\/\/juliencucherousset.fr\/wp-content\/uploads\/2025\/02\/Moulis-1024x676.jpg 1024w, https:\/\/juliencucherousset.fr\/wp-content\/uploads\/2025\/02\/Moulis-300x198.jpg 300w, https:\/\/juliencucherousset.fr\/wp-content\/uploads\/2025\/02\/Moulis-768x507.jpg 768w, https:\/\/juliencucherousset.fr\/wp-content\/uploads\/2025\/02\/Moulis-1536x1014.jpg 1536w, https:\/\/juliencucherousset.fr\/wp-content\/uploads\/2025\/02\/Moulis-409x270.jpg 409w, https:\/\/juliencucherousset.fr\/wp-content\/uploads\/2025\/02\/Moulis.jpg 1755w\" sizes=\"auto, (max-width: 1024px) 100vw, 1024px\" \/><figcaption class=\"wp-element-caption\">Moulis experiment<\/figcaption><\/figure>\n\n\n\n<figure class=\"wp-block-image size-large\"><img loading=\"lazy\" decoding=\"async\" width=\"1024\" height=\"596\" data-id=\"837\" src=\"https:\/\/juliencucherousset.fr\/wp-content\/uploads\/2025\/02\/Gill-netting-1024x596.jpg\" alt=\"\" class=\"wp-image-837\" srcset=\"https:\/\/juliencucherousset.fr\/wp-content\/uploads\/2025\/02\/Gill-netting-1024x596.jpg 1024w, https:\/\/juliencucherousset.fr\/wp-content\/uploads\/2025\/02\/Gill-netting-300x175.jpg 300w, https:\/\/juliencucherousset.fr\/wp-content\/uploads\/2025\/02\/Gill-netting-768x447.jpg 768w, https:\/\/juliencucherousset.fr\/wp-content\/uploads\/2025\/02\/Gill-netting-1536x894.jpg 1536w, https:\/\/juliencucherousset.fr\/wp-content\/uploads\/2025\/02\/Gill-netting-464x270.jpg 464w, https:\/\/juliencucherousset.fr\/wp-content\/uploads\/2025\/02\/Gill-netting.jpg 1590w\" sizes=\"auto, (max-width: 1024px) 100vw, 1024px\" \/><figcaption class=\"wp-element-caption\">FPV developed by URBASOLAR<\/figcaption><\/figure>\n\n\n\n<figure class=\"wp-block-image size-large\"><img loading=\"lazy\" decoding=\"async\" width=\"817\" height=\"460\" data-id=\"838\" src=\"https:\/\/juliencucherousset.fr\/wp-content\/uploads\/2025\/02\/NOU.jpg\" alt=\"\" class=\"wp-image-838\" srcset=\"https:\/\/juliencucherousset.fr\/wp-content\/uploads\/2025\/02\/NOU.jpg 817w, https:\/\/juliencucherousset.fr\/wp-content\/uploads\/2025\/02\/NOU-300x169.jpg 300w, https:\/\/juliencucherousset.fr\/wp-content\/uploads\/2025\/02\/NOU-768x432.jpg 768w, https:\/\/juliencucherousset.fr\/wp-content\/uploads\/2025\/02\/NOU-480x270.jpg 480w\" sizes=\"auto, (max-width: 817px) 100vw, 817px\" \/><figcaption class=\"wp-element-caption\">FPV developed by URBASOLAR<\/figcaption><\/figure>\n\n\n\n<figure class=\"wp-block-image size-large\"><img loading=\"lazy\" decoding=\"async\" width=\"208\" height=\"276\" data-id=\"839\" src=\"https:\/\/juliencucherousset.fr\/wp-content\/uploads\/2025\/02\/Zoo.jpg\" alt=\"\" class=\"wp-image-839\" srcset=\"https:\/\/juliencucherousset.fr\/wp-content\/uploads\/2025\/02\/Zoo.jpg 208w, https:\/\/juliencucherousset.fr\/wp-content\/uploads\/2025\/02\/Zoo-203x270.jpg 203w\" sizes=\"auto, (max-width: 208px) 100vw, 208px\" \/><figcaption class=\"wp-element-caption\">FPV developed by AKUO<\/figcaption><\/figure>\n\n\n\n<figure class=\"wp-block-image size-large\"><img loading=\"lazy\" decoding=\"async\" width=\"361\" height=\"317\" data-id=\"834\" src=\"https:\/\/juliencucherousset.fr\/wp-content\/uploads\/2025\/02\/Rennes.jpg\" alt=\"\" class=\"wp-image-834\" srcset=\"https:\/\/juliencucherousset.fr\/wp-content\/uploads\/2025\/02\/Rennes.jpg 361w, https:\/\/juliencucherousset.fr\/wp-content\/uploads\/2025\/02\/Rennes-300x263.jpg 300w, https:\/\/juliencucherousset.fr\/wp-content\/uploads\/2025\/02\/Rennes-307x270.jpg 307w\" sizes=\"auto, (max-width: 361px) 100vw, 361px\" \/><figcaption class=\"wp-element-caption\">Mesocosm in Rennes<\/figcaption><\/figure>\n\n\n\n<figure class=\"wp-block-image size-large\"><img loading=\"lazy\" decoding=\"async\" width=\"225\" height=\"301\" data-id=\"835\" src=\"https:\/\/juliencucherousset.fr\/wp-content\/uploads\/2025\/02\/Zoo-Moulis.jpg\" alt=\"\" class=\"wp-image-835\" srcset=\"https:\/\/juliencucherousset.fr\/wp-content\/uploads\/2025\/02\/Zoo-Moulis.jpg 225w, https:\/\/juliencucherousset.fr\/wp-content\/uploads\/2025\/02\/Zoo-Moulis-202x270.jpg 202w\" sizes=\"auto, (max-width: 225px) 100vw, 225px\" \/><figcaption class=\"wp-element-caption\">Sampling mesocosms<\/figcaption><\/figure>\n<\/figure>\n\n\n\n<figure class=\"wp-block-embed is-type-video is-provider-youtube wp-block-embed-youtube wp-embed-aspect-4-3 wp-has-aspect-ratio\"><div class=\"wp-block-embed__wrapper\">\n<iframe loading=\"lazy\" title=\"ADEME\/SCIENCES et AVENIR : projet Solake, quels impacts des centrales photovolta\u00efques flottantes\" width=\"640\" height=\"480\" src=\"https:\/\/www.youtube.com\/embed\/pwEK0EFO1JI?feature=oembed\" frameborder=\"0\" allow=\"accelerometer; autoplay; clipboard-write; encrypted-media; gyroscope; picture-in-picture; web-share\" referrerpolicy=\"strict-origin-when-cross-origin\" allowfullscreen><\/iframe>\n<\/div><\/figure>\n\n\n\n<p><\/p>\n\n\n\n<p class=\"has-text-align-center\"><strong>PROJECT PARTNERS<\/strong><\/p>\n\n\n\n<p><strong><a href=\"https:\/\/crbe.cnrs.fr\">CRBE &#8211; Toulouse, France<\/a><\/strong><\/p>\n\n\n\n<p><strong><a href=\"https:\/\/umr5023.univ-lyon1.fr\">LEHNA &#8211; Lyon, France<\/a><\/strong><\/p>\n\n\n\n<p><strong><a href=\"https:\/\/u3e.rennes.hub.inrae.fr\">U3E &#8211; Rennes, France<\/a><\/strong><\/p>\n\n\n\n<p><strong><a href=\"https:\/\/fr-carrtel.lyon-grenoble.hub.inrae.fr\/unite\">CARTELL &#8211; Thonon-les-bains, France<\/a><\/strong><\/p>\n\n\n\n<p><strong><a href=\"https:\/\/vito.be\/en\">GOAL, VITO, Belgium<\/a><\/strong><\/p>\n\n\n\n<p><strong><a href=\"https:\/\/www.lancaster.ac.uk\/lec\/about-us\/people\/alona-armstrong\">LANCASTER University &#8211; United-Kingdom<\/a><\/strong><\/p>\n\n\n\n<p><\/p>\n\n\n\n<p class=\"has-text-align-center\"><strong>PUBLICATIONS<\/strong><\/p>\n\n\n\n<p class=\"has-text-align-left\">&#8211; Nobre R., Vagnon C., Boul\u00eatreau S., Colas F., Az\u00e9mar F., Tudesque L., Parthuisot N., Millet P. &amp; Cucherousset J. 2025. <a href=\"http:\/\/juliencucherousset.fr\/wp-content\/uploads\/2025\/02\/145_Nobre_et_al_2025_JEMA.pdf\" target=\"_blank\" rel=\"noreferrer noopener\">Floating photovoltaics strongly reduce water temperature: A whole-lake experiment.<\/a><strong> Journal of Environmental Management.<\/strong> 375: 124230.<br><br>&#8211; Nobre R., Rocha S.M., Healing S., Ji Q., Boul\u00eatreau S., Armstrong A. &amp; Cucherousset J. 2024. <a href=\"http:\/\/juliencucherousset.fr\/wp-content\/uploads\/2024\/02\/136_Nobre_et_al_2024_Solar_Energy.pdf\" target=\"_blank\" rel=\"noreferrer noopener\">A global study of freshwater coverage by floating photovoltaics<\/a>. <strong>Solar Energy<\/strong>. 267: 112244.<br><br>&#8211; Nobre R., Boul\u00eatreau S., Colas F., Azemar F., Tudesque L., Parthuisot N., Favriou P. &amp; Cucherousset J. 2023. <a href=\"http:\/\/juliencucherousset.fr\/wp-content\/uploads\/2024\/02\/132_Nobre_et_al_2023_RSER.pdf\" target=\"_blank\" rel=\"noreferrer noopener\">Potential ecological impacts of floating solar panels on lake biodiversity and ecosystem functioning<\/a>. <strong>Renewable and Sustainable Energy Reviews<\/strong>. 188: 113852.<br><br>&#8211; Nobre R. Boul\u00eatreau S. &amp; Cucherousset J. 2022. <a href=\"http:\/\/juliencucherousset.fr\/wp-content\/uploads\/2023\/03\/122_Nobre_et_al_2022_Nature.pdf\" target=\"_blank\" rel=\"noreferrer noopener\">Small lakes at risk from extensive solar-panel coverage [<em>Correspondence<\/em>].<\/a><a href=\"http:\/\/juliencucherousset.fr\/wp-content\/uploads\/2022\/07\/121_Nobre_et_al_2022_Nature.pdf\" target=\"_blank\" rel=\"noreferrer noopener\"> <\/a><strong>Nature<\/strong>. 607: 239.<\/p>\n\n\n\n<p><\/p>\n\n\n\n<p class=\"has-text-align-center\"><strong>REPORTS and OTHER<\/strong>S<\/p>\n\n\n\n<p>&#8211; Bouletreau S., Nobre R., Azemar F., Millet P., Parthuisot N., Salanon J., Tudesque L., Colas F.  &amp; Cucherousset J.  2025. <a href=\"http:\/\/juliencucherousset.fr\/wp-content\/uploads\/2025\/12\/Synthese_SOLAKE.pdf\">Impacts \u00e9cologiques des centrales photovolta\u00efques flottantes : Effets des centrales flottantes sur la biodiversit\u00e9 aquatique et le fonctionnement de plans d\u2019eau de gravi\u00e8re<\/a> &#8211; Synth\u00e8se. 14 pages.<\/p>\n\n\n\n<p>&#8211; Bouletreau S., Nobre R., Azemar F., Millet P., Parthuisot N., Salanon J., Tudesque L., Colas F.  &amp; Cucherousset J.  2025.<a href=\"http:\/\/juliencucherousset.fr\/wp-content\/uploads\/2025\/12\/Rapport_SOLAKE.pdf\"> Impacts \u00e9cologiques des centrales photovolta\u00efques flottantes : Effets des centrales flottantes sur la biodiversit\u00e9 aquatique et le fonctionnement des plans d\u2019eau de gravi\u00e8re.<\/a> Rapport complet &#8211; 134 pages.<\/p>\n\n\n\n<p>&#8211; Nobre R., Boul\u00eatreau S., Colas F., Azemar F. et al. 2025. <a href=\"http:\/\/juliencucherousset.fr\/wp-content\/uploads\/2025\/12\/Nobre_et_al_CPA_OFB-1.pdf\">Photovolta\u00efque flottant : quels impacts potentiels sur la biodiversit\u00e9 et le fonctionnement des \u00e9cosyst\u00e8mes lacustres ?<\/a> Office fran\u00e7ais de la biodiversit\u00e9. Comprendre pour agir. 16 p.<\/p>\n\n\n\n<p>&#8211; Nobre R., Boul\u00eatreau S., Colas F., Azemar F., Tudesque L., Parthuisot N., Favriou P. &amp; Cucherousset J. 2022. <a href=\"http:\/\/juliencucherousset.fr\/wp-content\/uploads\/2025\/02\/Annexe_1_SOLAKE_Synthese-des-connaissances.pdf\" target=\"_blank\" rel=\"noreferrer noopener\">Synth\u00e8se des connaissances sur les impacts \u00e9cologiques potentiels des panneaux solaires flottants sur la biodiversit\u00e9 et le fonctionnement des \u00e9cosyst\u00e8mes lacustres.<\/a> Annexe du Rapport du projet SOLAKE &#8211; OFB.<\/p>\n","protected":false},"excerpt":{"rendered":"<p>Since 2020, we are studying the ecological effects of floating solar on freshwater diversity and the functioning of lake ecosystems. We aim to develop a long-term and integrative quantification of these impacts by working across multiple levels of biological organisation and on multiple biological taxa and functional processes. FUNDINGS Our work is part of the SOLAKE (2020-2025), ECLIPSE (2022-2025) and FLOATIX (2024-2028) projects that are funding by the OFB, ADEME and European Commission (Marie Curie fellowship) MAIN OBJECTIVES Objective 1)&#8230;<\/p>\n<p class=\"read-more\"><a class=\"btn btn-default\" href=\"https:\/\/juliencucherousset.fr\/index.php\/solake\/\"> Read More<span class=\"screen-reader-text\">  Read More<\/span><\/a><\/p>\n","protected":false},"author":1,"featured_media":0,"parent":0,"menu_order":0,"comment_status":"closed","ping_status":"closed","template":"","meta":{"footnotes":""},"class_list":["post-681","page","type-page","status-publish","hentry"],"_links":{"self":[{"href":"https:\/\/juliencucherousset.fr\/index.php\/wp-json\/wp\/v2\/pages\/681","targetHints":{"allow":["GET"]}}],"collection":[{"href":"https:\/\/juliencucherousset.fr\/index.php\/wp-json\/wp\/v2\/pages"}],"about":[{"href":"https:\/\/juliencucherousset.fr\/index.php\/wp-json\/wp\/v2\/types\/page"}],"author":[{"embeddable":true,"href":"https:\/\/juliencucherousset.fr\/index.php\/wp-json\/wp\/v2\/users\/1"}],"replies":[{"embeddable":true,"href":"https:\/\/juliencucherousset.fr\/index.php\/wp-json\/wp\/v2\/comments?post=681"}],"version-history":[{"count":32,"href":"https:\/\/juliencucherousset.fr\/index.php\/wp-json\/wp\/v2\/pages\/681\/revisions"}],"predecessor-version":[{"id":940,"href":"https:\/\/juliencucherousset.fr\/index.php\/wp-json\/wp\/v2\/pages\/681\/revisions\/940"}],"wp:attachment":[{"href":"https:\/\/juliencucherousset.fr\/index.php\/wp-json\/wp\/v2\/media?parent=681"}],"curies":[{"name":"wp","href":"https:\/\/api.w.org\/{rel}","templated":true}]}}